{"id":132,"date":"2026-02-02T14:40:22","date_gmt":"2026-02-02T14:40:22","guid":{"rendered":"http:\/\/ornellamarsala.be\/?page_id=132"},"modified":"2026-03-03T12:18:01","modified_gmt":"2026-03-03T12:18:01","slug":"services","status":"publish","type":"page","link":"https:\/\/ornellamarsala.be\/index.php\/services\/","title":{"rendered":"Services"},"content":{"rendered":"\t\t<div data-elementor-type=\"wp-page\" data-elementor-id=\"132\" class=\"elementor elementor-132\" data-elementor-post-type=\"page\">\n\t\t\t\t<div class=\"elementor-element elementor-element-b5637ca e-flex e-con-boxed e-con e-parent\" data-id=\"b5637ca\" data-element_type=\"container\" data-e-type=\"container\">\n\t\t\t\t\t<div class=\"e-con-inner\">\n\t\t\t\t<div class=\"elementor-element elementor-element-679c98e elementor-widget__width-initial elementor-widget elementor-widget-heading\" data-id=\"679c98e\" data-element_type=\"widget\" data-e-type=\"widget\" data-widget_type=\"heading.default\">\n\t\t\t\t\t<h2 class=\"elementor-heading-title elementor-size-default\">Choisissez le niveau \nd\u2019accompagnement\ndont vous avez besoin<\/h2>\t\t\t\t<\/div>\n\t\t\t\t<div class=\"elementor-element elementor-element-43086e6 elementor-widget elementor-widget-text-editor\" data-id=\"43086e6\" data-element_type=\"widget\" data-e-type=\"widget\" data-widget_type=\"text-editor.default\">\n\t\t\t\t\t\t\t\t\t<p><strong>Vous \u00eates ind\u00e9pendant compl\u00e9mentaire ou particulier<\/strong><br data-start=\"1090\" data-end=\"1093\" \/><strong>et votre administratif devient une source de stress ou de retard ?<\/strong><\/p>\t\t\t\t\t\t\t\t<\/div>\n\t\t\t\t\t<\/div>\n\t\t\t\t<\/div>\n\t\t<div class=\"elementor-element elementor-element-4f3e254 e-flex e-con-boxed e-con e-parent\" data-id=\"4f3e254\" data-element_type=\"container\" data-e-type=\"container\">\n\t\t\t\t\t<div class=\"e-con-inner\">\n\t\t<div class=\"elementor-element elementor-element-f5e30d1 e-con-full e-flex e-con e-child\" data-id=\"f5e30d1\" data-element_type=\"container\" data-e-type=\"container\">\n\t\t\t\t<div class=\"elementor-element elementor-element-6aa70fc elementor-widget elementor-widget-heading\" data-id=\"6aa70fc\" data-element_type=\"widget\" data-e-type=\"widget\" data-widget_type=\"heading.default\">\n\t\t\t\t\t<h5 class=\"elementor-heading-title elementor-size-default\">Pack S\u00e9r\u00e9nit\u00e9 Essentiel<\/h5>\t\t\t\t<\/div>\n\t\t\t\t<div class=\"elementor-element elementor-element-97c5241 elementor-widget elementor-widget-text-editor\" data-id=\"97c5241\" data-element_type=\"widget\" data-e-type=\"widget\" data-widget_type=\"text-editor.default\">\n\t\t\t\t\t\t\t\t\t<p>Pour l\u2019ind\u00e9pendant solo qui veut arr\u00eater de subir son administratif.<\/p>\t\t\t\t\t\t\t\t<\/div>\n\t\t\t\t<div class=\"elementor-element elementor-element-5131dec elementor-widget elementor-widget-text-editor\" data-id=\"5131dec\" data-element_type=\"widget\" data-e-type=\"widget\" data-widget_type=\"text-editor.default\">\n\t\t\t\t\t\t\t\t\t<p data-start=\"1651\" data-end=\"1818\"><img decoding=\"async\" class=\"emoji\" role=\"img\" draggable=\"false\" src=\"https:\/\/s.w.org\/images\/core\/emoji\/17.0.2\/svg\/2714.svg\" alt=\"\u2714\" \/> Vos mails administratifs sont tri\u00e9s et trait\u00e9s<br data-start=\"1699\" data-end=\"1702\" \/><img decoding=\"async\" class=\"emoji\" role=\"img\" draggable=\"false\" src=\"https:\/\/s.w.org\/images\/core\/emoji\/17.0.2\/svg\/2714.svg\" alt=\"\u2714\" \/> Vos documents sont class\u00e9s et accessibles<br data-start=\"1745\" data-end=\"1748\" \/><img decoding=\"async\" class=\"emoji\" role=\"img\" draggable=\"false\" src=\"https:\/\/s.w.org\/images\/core\/emoji\/17.0.2\/svg\/2714.svg\" alt=\"\u2714\" \/> Vos d\u00e9clarations TVA sont pr\u00e9par\u00e9es<br data-start=\"1785\" data-end=\"1788\" \/><img decoding=\"async\" class=\"emoji\" role=\"img\" draggable=\"false\" src=\"https:\/\/s.w.org\/images\/core\/emoji\/17.0.2\/svg\/2714.svg\" alt=\"\u2714\" \/> Vos \u00e9ch\u00e9ances sont suivies<\/p>\t\t\t\t\t\t\t\t<\/div>\n\t\t\t\t<div class=\"elementor-element elementor-element-6de7d24 elementor-widget elementor-widget-text-editor\" data-id=\"6de7d24\" data-element_type=\"widget\" data-e-type=\"widget\" data-widget_type=\"text-editor.default\">\n\t\t\t\t\t\t\t\t\t<p data-start=\"1820\" data-end=\"1861\">\ud83d\udc49 Vous savez exactement o\u00f9 vous en \u00eates.<\/p>\t\t\t\t\t\t\t\t<\/div>\n\t\t\t\t<div class=\"elementor-element elementor-element-d7c48b5 elementor-widget elementor-widget-text-editor\" data-id=\"d7c48b5\" data-element_type=\"widget\" data-e-type=\"widget\" data-widget_type=\"text-editor.default\">\n\t\t\t\t\t\t\t\t\t<h6 data-start=\"985\" data-end=\"1011\">A partir de 220\u20ac\/mois<\/h6>\t\t\t\t\t\t\t\t<\/div>\n\t\t\t\t<\/div>\n\t\t<div class=\"elementor-element elementor-element-e0f7adb e-con-full e-flex e-con e-child\" data-id=\"e0f7adb\" data-element_type=\"container\" data-e-type=\"container\">\n\t\t\t\t<div class=\"elementor-element elementor-element-38e80df elementor-widget elementor-widget-heading\" data-id=\"38e80df\" data-element_type=\"widget\" data-e-type=\"widget\" data-widget_type=\"heading.default\">\n\t\t\t\t\t<h5 class=\"elementor-heading-title elementor-size-default\">Pack Performance<\/h5>\t\t\t\t<\/div>\n\t\t\t\t<div class=\"elementor-element elementor-element-40beac5 elementor-widget elementor-widget-text-editor\" data-id=\"40beac5\" data-element_type=\"widget\" data-e-type=\"widget\" data-widget_type=\"text-editor.default\">\n\t\t\t\t\t\t\t\t\t<p>Pour l\u2019ind\u00e9pendant actif qui veut structurer et optimiser son organisation.<\/p>\t\t\t\t\t\t\t\t<\/div>\n\t\t\t\t<div class=\"elementor-element elementor-element-63f0ec7 elementor-widget elementor-widget-text-editor\" data-id=\"63f0ec7\" data-element_type=\"widget\" data-e-type=\"widget\" data-widget_type=\"text-editor.default\">\n\t\t\t\t\t\t\t\t\t<p data-start=\"2057\" data-end=\"2187\">\u2714 Tout le Pack Essentiel<br data-start=\"2081\" data-end=\"2084\" \/>\u2714 Encodage r\u00e9gulier et suivi des factures<br data-start=\"2125\" data-end=\"2128\" \/>\u2714 Relances clients structur\u00e9es<br data-start=\"2158\" data-end=\"2161\" \/>\u2714 Tableau de suivi clair<\/p>\t\t\t\t\t\t\t\t<\/div>\n\t\t\t\t<div class=\"elementor-element elementor-element-bb0df4b elementor-widget elementor-widget-text-editor\" data-id=\"bb0df4b\" data-element_type=\"widget\" data-e-type=\"widget\" data-widget_type=\"text-editor.default\">\n\t\t\t\t\t\t\t\t\t<p data-start=\"2057\" data-end=\"2187\">\ud83d\udc49 Votre gestion devient fluide et ma\u00eetris\u00e9e.<\/p>\t\t\t\t\t\t\t\t<\/div>\n\t\t\t\t<div class=\"elementor-element elementor-element-a0a629a elementor-widget elementor-widget-text-editor\" data-id=\"a0a629a\" data-element_type=\"widget\" data-e-type=\"widget\" data-widget_type=\"text-editor.default\">\n\t\t\t\t\t\t\t\t\t<h6 data-start=\"985\" data-end=\"1011\">A partir de 360\u20ac\/mois<\/h6>\t\t\t\t\t\t\t\t<\/div>\n\t\t\t\t<\/div>\n\t\t<div class=\"elementor-element elementor-element-2437ea8 e-con-full e-flex e-con e-child\" data-id=\"2437ea8\" data-element_type=\"container\" data-e-type=\"container\">\n\t\t\t\t<div class=\"elementor-element elementor-element-856314c elementor-widget elementor-widget-heading\" data-id=\"856314c\" data-element_type=\"widget\" data-e-type=\"widget\" data-widget_type=\"heading.default\">\n\t\t\t\t\t<h5 class=\"elementor-heading-title elementor-size-default\">Pack Premium<\/h5>\t\t\t\t<\/div>\n\t\t\t\t<div class=\"elementor-element elementor-element-2ced58d elementor-widget elementor-widget-text-editor\" data-id=\"2ced58d\" data-element_type=\"widget\" data-e-type=\"widget\" data-widget_type=\"text-editor.default\">\n\t\t\t\t\t\t\t\t\t<p>Pour l\u2019ind\u00e9pendant en croissance qui veut d\u00e9l\u00e9guer sereinement.<\/p>\t\t\t\t\t\t\t\t<\/div>\n\t\t\t\t<div class=\"elementor-element elementor-element-52f9fa0 elementor-widget elementor-widget-text-editor\" data-id=\"52f9fa0\" data-element_type=\"widget\" data-e-type=\"widget\" data-widget_type=\"text-editor.default\">\n\t\t\t\t\t\t\t\t\t<p data-start=\"2418\" data-end=\"2573\">\u2714 Tout le Pack Performance<br data-start=\"2444\" data-end=\"2447\" \/>\u2714 Organisation administrative compl\u00e8te<br data-start=\"2485\" data-end=\"2488\" \/>\u2714 Coordination avec votre comptable<br data-start=\"2523\" data-end=\"2526\" \/>\u2714 Suivi de tr\u00e9sorerie\u00a0 \u00a0 \u00a0 \u00a0 \u00a0 \u00a0 \u00a0 \u00a0 \u00a0 \u00a0 \u00a0 \u00a0 \u00a0 \u00a0 \u00a0 \u00a0 \u00a0 \u00a0 \u00a0 \u00a0 \u00a0 \u00a0 \u00a0 \u2714 Point mensuel de suivi<br data-start=\"1124\" data-end=\"1127\" \/>\u2714 Interlocutrice unique pour votre comptable<br data-start=\"1171\" data-end=\"1174\" \/>\u2714 Priorit\u00e9 dans les d\u00e9lais de traitement<\/p><p data-start=\"2575\" data-end=\"2629\">\ud83d\udc49 Vous vous concentrez uniquement sur votre activit\u00e9.<\/p>\t\t\t\t\t\t\t\t<\/div>\n\t\t\t\t<div class=\"elementor-element elementor-element-629855a elementor-widget elementor-widget-text-editor\" data-id=\"629855a\" data-element_type=\"widget\" data-e-type=\"widget\" data-widget_type=\"text-editor.default\">\n\t\t\t\t\t\t\t\t\t<h6 data-start=\"985\" data-end=\"1011\">A partir de 520\u20ac\/mois<\/h6>\t\t\t\t\t\t\t\t<\/div>\n\t\t\t\t<\/div>\n\t\t\t\t\t<\/div>\n\t\t\t\t<\/div>\n\t\t<div class=\"elementor-element elementor-element-018c06c e-flex e-con-boxed e-con e-parent\" data-id=\"018c06c\" data-element_type=\"container\" data-e-type=\"container\">\n\t\t\t\t\t<div class=\"e-con-inner\">\n\t\t\t\t<div class=\"elementor-element elementor-element-8a1ee3a elementor-widget elementor-widget-text-editor\" data-id=\"8a1ee3a\" data-element_type=\"widget\" data-e-type=\"widget\" data-widget_type=\"text-editor.default\">\n\t\t\t\t\t\t\t\t\t<p><strong>Chaque accompagnement d\u00e9bute par un diagnostic gratuit afin de d\u00e9finir le pack le plus adapt\u00e9 \u00e0 votre situation.<\/strong><\/p><p>Toute mission ponctuelle ou heure suppl\u00e9mentaire non comprise dans le pack fera l\u2019objet d\u2019une facturation au tarif de 45\u20ac \/ heure, hors frais de d\u00e9placement \u00e9ventuels.<\/p>\t\t\t\t\t\t\t\t<\/div>\n\t\t\t\t\t<\/div>\n\t\t\t\t<\/div>\n\t\t\t\t<\/div>\n\t\t","protected":false},"excerpt":{"rendered":"<p>Choisissez le niveau d\u2019accompagnement dont vous avez besoin Vous \u00eates ind\u00e9pendant compl\u00e9mentaire ou particulieret votre administratif devient une source de [&hellip;]<\/p>\n","protected":false},"author":1,"featured_media":0,"parent":0,"menu_order":0,"comment_status":"closed","ping_status":"closed","template":"","meta":{"site-sidebar-layout":"no-sidebar","site-content-layout":"","ast-site-content-layout":"full-width-container","site-content-style":"default","site-sidebar-style":"default","ast-global-header-display":"","ast-banner-title-visibility":"","ast-main-header-display":"","ast-hfb-above-header-display":"","ast-hfb-below-header-display":"","ast-hfb-mobile-header-display":"","site-post-title":"","ast-breadcrumbs-content":"","ast-featured-img":"disabled","footer-sml-layout":"","ast-disable-related-posts":"","theme-transparent-header-meta":"","adv-header-id-meta":"","stick-header-meta":"","header-above-stick-meta":"","header-main-stick-meta":"","header-below-stick-meta":"","astra-migrate-meta-layouts":"default","ast-page-background-enabled":"default","ast-page-background-meta":{"desktop":{"background-color":"var(--ast-global-color-5)","background-image":"","background-repeat":"repeat","background-position":"center center","background-size":"auto","background-attachment":"scroll","background-type":"","background-media":"","overlay-type":"","overlay-color":"","overlay-opacity":"","overlay-gradient":""},"tablet":{"background-color":"","background-image":"","background-repeat":"repeat","background-position":"center center","background-size":"auto","background-attachment":"scroll","background-type":"","background-media":"","overlay-type":"","overlay-color":"","overlay-opacity":"","overlay-gradient":""},"mobile":{"background-color":"","background-image":"","background-repeat":"repeat","background-position":"center center","background-size":"auto","background-attachment":"scroll","background-type":"","background-media":"","overlay-type":"","overlay-color":"","overlay-opacity":"","overlay-gradient":""}},"ast-content-background-meta":{"desktop":{"background-color":"var(--ast-global-color-4)","background-image":"","background-repeat":"repeat","background-position":"center center","background-size":"auto","background-attachment":"scroll","background-type":"","background-media":"","overlay-type":"","overlay-color":"","overlay-opacity":"","overlay-gradient":""},"tablet":{"background-color":"var(--ast-global-color-4)","background-image":"","background-repeat":"repeat","background-position":"center center","background-size":"auto","background-attachment":"scroll","background-type":"","background-media":"","overlay-type":"","overlay-color":"","overlay-opacity":"","overlay-gradient":""},"mobile":{"background-color":"var(--ast-global-color-4)","background-image":"","background-repeat":"repeat","background-position":"center center","background-size":"auto","background-attachment":"scroll","background-type":"","background-media":"","overlay-type":"","overlay-color":"","overlay-opacity":"","overlay-gradient":""}},"footnotes":""},"class_list":["post-132","page","type-page","status-publish","hentry"],"yoast_head":"<!-- This site is optimized with the Yoast SEO plugin v27.1 - https:\/\/yoast.com\/product\/yoast-seo-wordpress\/ -->\n<title>Services - Ornella Marsala<\/title>\n<meta name=\"robots\" content=\"index, follow, max-snippet:-1, max-image-preview:large, max-video-preview:-1\" \/>\n<link rel=\"canonical\" href=\"https:\/\/ornellamarsala.be\/index.php\/services\/\" \/>\n<meta property=\"og:locale\" content=\"fr_FR\" \/>\n<meta property=\"og:type\" content=\"article\" \/>\n<meta property=\"og:title\" content=\"Services - Ornella Marsala\" \/>\n<meta property=\"og:description\" content=\"Choisissez le niveau d\u2019accompagnement dont vous avez besoin Vous \u00eates ind\u00e9pendant compl\u00e9mentaire ou particulieret votre administratif devient une source de [&hellip;]\" \/>\n<meta property=\"og:url\" content=\"https:\/\/ornellamarsala.be\/index.php\/services\/\" \/>\n<meta property=\"og:site_name\" content=\"Ornella Marsala\" \/>\n<meta property=\"article:modified_time\" content=\"2026-03-03T12:18:01+00:00\" \/>\n<meta property=\"og:image\" content=\"https:\/\/s.w.org\/images\/core\/emoji\/17.0.2\/svg\/2714.svg\" \/>\n<meta name=\"twitter:card\" content=\"summary_large_image\" \/>\n<meta name=\"twitter:label1\" content=\"Dur\u00e9e de lecture estim\u00e9e\" \/>\n\t<meta name=\"twitter:data1\" content=\"5 minutes\" \/>\n<script type=\"application\/ld+json\" class=\"yoast-schema-graph\">{\"@context\":\"https:\/\/schema.org\",\"@graph\":[{\"@type\":\"WebPage\",\"@id\":\"https:\/\/ornellamarsala.be\/index.php\/services\/\",\"url\":\"https:\/\/ornellamarsala.be\/index.php\/services\/\",\"name\":\"Services - Ornella Marsala\",\"isPartOf\":{\"@id\":\"https:\/\/ornellamarsala.be\/#website\"},\"primaryImageOfPage\":{\"@id\":\"https:\/\/ornellamarsala.be\/index.php\/services\/#primaryimage\"},\"image\":{\"@id\":\"https:\/\/ornellamarsala.be\/index.php\/services\/#primaryimage\"},\"thumbnailUrl\":\"https:\/\/s.w.org\/images\/core\/emoji\/17.0.2\/svg\/2714.svg\",\"datePublished\":\"2026-02-02T14:40:22+00:00\",\"dateModified\":\"2026-03-03T12:18:01+00:00\",\"breadcrumb\":{\"@id\":\"https:\/\/ornellamarsala.be\/index.php\/services\/#breadcrumb\"},\"inLanguage\":\"fr-FR\",\"potentialAction\":[{\"@type\":\"ReadAction\",\"target\":[\"https:\/\/ornellamarsala.be\/index.php\/services\/\"]}]},{\"@type\":\"ImageObject\",\"inLanguage\":\"fr-FR\",\"@id\":\"https:\/\/ornellamarsala.be\/index.php\/services\/#primaryimage\",\"url\":\"https:\/\/s.w.org\/images\/core\/emoji\/17.0.2\/svg\/2714.svg\",\"contentUrl\":\"https:\/\/s.w.org\/images\/core\/emoji\/17.0.2\/svg\/2714.svg\"},{\"@type\":\"BreadcrumbList\",\"@id\":\"https:\/\/ornellamarsala.be\/index.php\/services\/#breadcrumb\",\"itemListElement\":[{\"@type\":\"ListItem\",\"position\":1,\"name\":\"Accueil\",\"item\":\"https:\/\/ornellamarsala.be\/\"},{\"@type\":\"ListItem\",\"position\":2,\"name\":\"Services\"}]},{\"@type\":\"WebSite\",\"@id\":\"https:\/\/ornellamarsala.be\/#website\",\"url\":\"https:\/\/ornellamarsala.be\/\",\"name\":\"Ornella Marsala\",\"description\":\"Assistante administrative &amp; pr\u00e9-comptabilit\u00e9 \u2013 R\u00e9gion de Li\u00e8ge\",\"potentialAction\":[{\"@type\":\"SearchAction\",\"target\":{\"@type\":\"EntryPoint\",\"urlTemplate\":\"https:\/\/ornellamarsala.be\/?s={search_term_string}\"},\"query-input\":{\"@type\":\"PropertyValueSpecification\",\"valueRequired\":true,\"valueName\":\"search_term_string\"}}],\"inLanguage\":\"fr-FR\"}]}<\/script>\n<!-- \/ Yoast SEO plugin. -->","yoast_head_json":{"title":"Services - Ornella Marsala","robots":{"index":"index","follow":"follow","max-snippet":"max-snippet:-1","max-image-preview":"max-image-preview:large","max-video-preview":"max-video-preview:-1"},"canonical":"https:\/\/ornellamarsala.be\/index.php\/services\/","og_locale":"fr_FR","og_type":"article","og_title":"Services - Ornella Marsala","og_description":"Choisissez le niveau d\u2019accompagnement dont vous avez besoin Vous \u00eates ind\u00e9pendant compl\u00e9mentaire ou particulieret votre administratif devient une source de [&hellip;]","og_url":"https:\/\/ornellamarsala.be\/index.php\/services\/","og_site_name":"Ornella Marsala","article_modified_time":"2026-03-03T12:18:01+00:00","og_image":[{"url":"https:\/\/s.w.org\/images\/core\/emoji\/17.0.2\/svg\/2714.svg","type":"","width":"","height":""}],"twitter_card":"summary_large_image","twitter_misc":{"Dur\u00e9e de lecture estim\u00e9e":"5 minutes"},"schema":{"@context":"https:\/\/schema.org","@graph":[{"@type":"WebPage","@id":"https:\/\/ornellamarsala.be\/index.php\/services\/","url":"https:\/\/ornellamarsala.be\/index.php\/services\/","name":"Services - Ornella Marsala","isPartOf":{"@id":"https:\/\/ornellamarsala.be\/#website"},"primaryImageOfPage":{"@id":"https:\/\/ornellamarsala.be\/index.php\/services\/#primaryimage"},"image":{"@id":"https:\/\/ornellamarsala.be\/index.php\/services\/#primaryimage"},"thumbnailUrl":"https:\/\/s.w.org\/images\/core\/emoji\/17.0.2\/svg\/2714.svg","datePublished":"2026-02-02T14:40:22+00:00","dateModified":"2026-03-03T12:18:01+00:00","breadcrumb":{"@id":"https:\/\/ornellamarsala.be\/index.php\/services\/#breadcrumb"},"inLanguage":"fr-FR","potentialAction":[{"@type":"ReadAction","target":["https:\/\/ornellamarsala.be\/index.php\/services\/"]}]},{"@type":"ImageObject","inLanguage":"fr-FR","@id":"https:\/\/ornellamarsala.be\/index.php\/services\/#primaryimage","url":"https:\/\/s.w.org\/images\/core\/emoji\/17.0.2\/svg\/2714.svg","contentUrl":"https:\/\/s.w.org\/images\/core\/emoji\/17.0.2\/svg\/2714.svg"},{"@type":"BreadcrumbList","@id":"https:\/\/ornellamarsala.be\/index.php\/services\/#breadcrumb","itemListElement":[{"@type":"ListItem","position":1,"name":"Accueil","item":"https:\/\/ornellamarsala.be\/"},{"@type":"ListItem","position":2,"name":"Services"}]},{"@type":"WebSite","@id":"https:\/\/ornellamarsala.be\/#website","url":"https:\/\/ornellamarsala.be\/","name":"Ornella Marsala","description":"Assistante administrative &amp; pr\u00e9-comptabilit\u00e9 \u2013 R\u00e9gion de Li\u00e8ge","potentialAction":[{"@type":"SearchAction","target":{"@type":"EntryPoint","urlTemplate":"https:\/\/ornellamarsala.be\/?s={search_term_string}"},"query-input":{"@type":"PropertyValueSpecification","valueRequired":true,"valueName":"search_term_string"}}],"inLanguage":"fr-FR"}]}},"_links":{"self":[{"href":"https:\/\/ornellamarsala.be\/index.php\/wp-json\/wp\/v2\/pages\/132","targetHints":{"allow":["GET"]}}],"collection":[{"href":"https:\/\/ornellamarsala.be\/index.php\/wp-json\/wp\/v2\/pages"}],"about":[{"href":"https:\/\/ornellamarsala.be\/index.php\/wp-json\/wp\/v2\/types\/page"}],"author":[{"embeddable":true,"href":"https:\/\/ornellamarsala.be\/index.php\/wp-json\/wp\/v2\/users\/1"}],"replies":[{"embeddable":true,"href":"https:\/\/ornellamarsala.be\/index.php\/wp-json\/wp\/v2\/comments?post=132"}],"version-history":[{"count":31,"href":"https:\/\/ornellamarsala.be\/index.php\/wp-json\/wp\/v2\/pages\/132\/revisions"}],"predecessor-version":[{"id":649,"href":"https:\/\/ornellamarsala.be\/index.php\/wp-json\/wp\/v2\/pages\/132\/revisions\/649"}],"wp:attachment":[{"href":"https:\/\/ornellamarsala.be\/index.php\/wp-json\/wp\/v2\/media?parent=132"}],"curies":[{"name":"wp","href":"https:\/\/api.w.org\/{rel}","templated":true}]}}