{"id":133,"date":"2026-02-02T14:40:22","date_gmt":"2026-02-02T14:40:22","guid":{"rendered":"http:\/\/ornellamarsala.be\/?page_id=133"},"modified":"2026-03-03T12:02:13","modified_gmt":"2026-03-03T12:02:13","slug":"a-propos","status":"publish","type":"page","link":"https:\/\/ornellamarsala.be\/index.php\/a-propos\/","title":{"rendered":"A propos"},"content":{"rendered":"\t\t<div data-elementor-type=\"wp-page\" data-elementor-id=\"133\" class=\"elementor elementor-133\" data-elementor-post-type=\"page\">\n\t\t\t\t<div class=\"elementor-element elementor-element-2421d2a e-flex e-con-boxed e-con e-parent\" data-id=\"2421d2a\" data-element_type=\"container\" data-e-type=\"container\">\n\t\t\t\t\t<div class=\"e-con-inner\">\n\t\t<div class=\"elementor-element elementor-element-4460fc0 e-con-full e-flex e-con e-child\" data-id=\"4460fc0\" data-element_type=\"container\" data-e-type=\"container\">\n\t\t\t\t<div class=\"elementor-element elementor-element-635e7be elementor-widget elementor-widget-image\" data-id=\"635e7be\" data-element_type=\"widget\" data-e-type=\"widget\" data-widget_type=\"image.default\">\n\t\t\t\t\t\t\t\t\t\t\t\t\t\t\t<img fetchpriority=\"high\" decoding=\"async\" width=\"169\" height=\"300\" src=\"https:\/\/ornellamarsala.be\/wp-content\/uploads\/2026\/02\/b8483902-b209-46b4-a5fc-0c257069d0b1-169x300.jpg\" class=\"attachment-medium size-medium wp-image-576\" alt=\"\" srcset=\"https:\/\/ornellamarsala.be\/wp-content\/uploads\/2026\/02\/b8483902-b209-46b4-a5fc-0c257069d0b1-169x300.jpg 169w, https:\/\/ornellamarsala.be\/wp-content\/uploads\/2026\/02\/b8483902-b209-46b4-a5fc-0c257069d0b1-578x1024.jpg 578w, https:\/\/ornellamarsala.be\/wp-content\/uploads\/2026\/02\/b8483902-b209-46b4-a5fc-0c257069d0b1.jpg 768w\" sizes=\"(max-width: 169px) 100vw, 169px\" \/>\t\t\t\t\t\t\t\t\t\t\t\t\t\t\t<\/div>\n\t\t\t\t<\/div>\n\t\t<div class=\"elementor-element elementor-element-e3e8e78 e-con-full e-flex e-con e-child\" data-id=\"e3e8e78\" data-element_type=\"container\" data-e-type=\"container\">\n\t\t\t\t<div class=\"elementor-element elementor-element-5d4edd8 elementor-widget elementor-widget-heading\" data-id=\"5d4edd8\" data-element_type=\"widget\" data-e-type=\"widget\" data-widget_type=\"heading.default\">\n\t\t\t\t\t<h2 class=\"elementor-heading-title elementor-size-default\">Ornella Marsala \u2013 Assistante administrative &amp; pr\u00e9-comptable rigoureuse et humaine<\/h2>\t\t\t\t<\/div>\n\t\t\t\t<div class=\"elementor-element elementor-element-f9d30a2 elementor-widget elementor-widget-text-editor\" data-id=\"f9d30a2\" data-element_type=\"widget\" data-e-type=\"widget\" data-widget_type=\"text-editor.default\">\n\t\t\t\t\t\t\t\t\t<p data-start=\"1519\" data-end=\"1638\"><strong>Beaucoup d\u2019ind\u00e9pendants et de particuliers repoussent leur administratif par manque de temps, de m\u00e9thode ou par stress.<\/strong><\/p><p data-start=\"1640\" data-end=\"1708\">Je vous aide \u00e0 reprendre le contr\u00f4le, avec rigueur et sans jugement.<\/p><p>Je m\u2019appelle Ornella Marsala et j\u2019aide les particuliers et ind\u00e9pendants (compl\u00e9mentaires ou non) \u00e0 reprendre le contr\u00f4le de leur administratif sans stress ni jugement.<\/p><p data-start=\"1843\" data-end=\"2011\">Avec plus de 15 ans d\u2019exp\u00e9rience en comptabilit\u00e9 au sein d\u2019ASBL, communes et CPAS, je connais les exigences administratives belges et les erreurs les plus fr\u00e9quentes.<\/p><p data-start=\"2013\" data-end=\"2127\">Aujourd\u2019hui, je mets cette expertise au service de celles et ceux qui veulent un administratif clair et structur\u00e9.<\/p><p>Ma mission : vous permettre de ma\u00eetriser votre administratif, de gagner du temps et d\u2019avancer avec s\u00e9r\u00e9nit\u00e9.<\/p>\t\t\t\t\t\t\t\t<\/div>\n\t\t\t\t<div class=\"elementor-element elementor-element-40c9bd9 elementor-widget elementor-widget-button\" data-id=\"40c9bd9\" data-element_type=\"widget\" data-e-type=\"widget\" data-widget_type=\"button.default\">\n\t\t\t\t\t\t\t\t\t\t<a class=\"elementor-button elementor-button-link elementor-size-sm\" href=\"https:\/\/ornellamarsala.be\/index.php\/contact\/\">\n\t\t\t\t\t\t<span class=\"elementor-button-content-wrapper\">\n\t\t\t\t\t\t\t\t\t<span class=\"elementor-button-text\">R\u00e9server mon diagnostic gratuit<\/span>\n\t\t\t\t\t<\/span>\n\t\t\t\t\t<\/a>\n\t\t\t\t\t\t\t\t<\/div>\n\t\t\t\t<\/div>\n\t\t\t\t\t<\/div>\n\t\t\t\t<\/div>\n\t\t\t\t<\/div>\n\t\t","protected":false},"excerpt":{"rendered":"<p>Ornella Marsala \u2013 Assistante administrative &amp; pr\u00e9-comptable rigoureuse et humaine Beaucoup d\u2019ind\u00e9pendants et de particuliers repoussent leur administratif par manque [&hellip;]<\/p>\n","protected":false},"author":1,"featured_media":0,"parent":0,"menu_order":0,"comment_status":"closed","ping_status":"closed","template":"","meta":{"site-sidebar-layout":"no-sidebar","site-content-layout":"","ast-site-content-layout":"full-width-container","site-content-style":"default","site-sidebar-style":"default","ast-global-header-display":"","ast-banner-title-visibility":"","ast-main-header-display":"","ast-hfb-above-header-display":"","ast-hfb-below-header-display":"","ast-hfb-mobile-header-display":"","site-post-title":"","ast-breadcrumbs-content":"","ast-featured-img":"disabled","footer-sml-layout":"","ast-disable-related-posts":"","theme-transparent-header-meta":"","adv-header-id-meta":"","stick-header-meta":"","header-above-stick-meta":"","header-main-stick-meta":"","header-below-stick-meta":"","astra-migrate-meta-layouts":"default","ast-page-background-enabled":"default","ast-page-background-meta":{"desktop":{"background-color":"var(--ast-global-color-5)","background-image":"","background-repeat":"repeat","background-position":"center center","background-size":"auto","background-attachment":"scroll","background-type":"","background-media":"","overlay-type":"","overlay-color":"","overlay-opacity":"","overlay-gradient":""},"tablet":{"background-color":"","background-image":"","background-repeat":"repeat","background-position":"center center","background-size":"auto","background-attachment":"scroll","background-type":"","background-media":"","overlay-type":"","overlay-color":"","overlay-opacity":"","overlay-gradient":""},"mobile":{"background-color":"","background-image":"","background-repeat":"repeat","background-position":"center center","background-size":"auto","background-attachment":"scroll","background-type":"","background-media":"","overlay-type":"","overlay-color":"","overlay-opacity":"","overlay-gradient":""}},"ast-content-background-meta":{"desktop":{"background-color":"var(--ast-global-color-4)","background-image":"","background-repeat":"repeat","background-position":"center center","background-size":"auto","background-attachment":"scroll","background-type":"","background-media":"","overlay-type":"","overlay-color":"","overlay-opacity":"","overlay-gradient":""},"tablet":{"background-color":"var(--ast-global-color-4)","background-image":"","background-repeat":"repeat","background-position":"center center","background-size":"auto","background-attachment":"scroll","background-type":"","background-media":"","overlay-type":"","overlay-color":"","overlay-opacity":"","overlay-gradient":""},"mobile":{"background-color":"var(--ast-global-color-4)","background-image":"","background-repeat":"repeat","background-position":"center center","background-size":"auto","background-attachment":"scroll","background-type":"","background-media":"","overlay-type":"","overlay-color":"","overlay-opacity":"","overlay-gradient":""}},"footnotes":""},"class_list":["post-133","page","type-page","status-publish","hentry"],"yoast_head":"<!-- This site is optimized with the Yoast SEO plugin v27.1 - https:\/\/yoast.com\/product\/yoast-seo-wordpress\/ -->\n<title>A propos - Ornella Marsala<\/title>\n<meta name=\"robots\" content=\"index, follow, max-snippet:-1, max-image-preview:large, max-video-preview:-1\" \/>\n<link rel=\"canonical\" href=\"https:\/\/ornellamarsala.be\/index.php\/a-propos\/\" \/>\n<meta property=\"og:locale\" content=\"fr_FR\" \/>\n<meta property=\"og:type\" content=\"article\" \/>\n<meta property=\"og:title\" content=\"A propos - Ornella Marsala\" \/>\n<meta property=\"og:description\" content=\"Ornella Marsala \u2013 Assistante administrative &amp; pr\u00e9-comptable rigoureuse et humaine Beaucoup d\u2019ind\u00e9pendants et de particuliers repoussent leur administratif par manque [&hellip;]\" \/>\n<meta property=\"og:url\" content=\"https:\/\/ornellamarsala.be\/index.php\/a-propos\/\" \/>\n<meta property=\"og:site_name\" content=\"Ornella Marsala\" \/>\n<meta property=\"article:modified_time\" content=\"2026-03-03T12:02:13+00:00\" \/>\n<meta property=\"og:image\" content=\"https:\/\/ornellamarsala.be\/wp-content\/uploads\/2026\/02\/b8483902-b209-46b4-a5fc-0c257069d0b1.jpg\" \/>\n\t<meta property=\"og:image:width\" content=\"768\" \/>\n\t<meta property=\"og:image:height\" content=\"1360\" \/>\n\t<meta property=\"og:image:type\" content=\"image\/jpeg\" \/>\n<meta name=\"twitter:card\" content=\"summary_large_image\" \/>\n<meta name=\"twitter:label1\" content=\"Dur\u00e9e de lecture estim\u00e9e\" \/>\n\t<meta name=\"twitter:data1\" content=\"1 minute\" \/>\n<script type=\"application\/ld+json\" class=\"yoast-schema-graph\">{\"@context\":\"https:\/\/schema.org\",\"@graph\":[{\"@type\":\"WebPage\",\"@id\":\"https:\/\/ornellamarsala.be\/index.php\/a-propos\/\",\"url\":\"https:\/\/ornellamarsala.be\/index.php\/a-propos\/\",\"name\":\"A propos - Ornella Marsala\",\"isPartOf\":{\"@id\":\"https:\/\/ornellamarsala.be\/#website\"},\"primaryImageOfPage\":{\"@id\":\"https:\/\/ornellamarsala.be\/index.php\/a-propos\/#primaryimage\"},\"image\":{\"@id\":\"https:\/\/ornellamarsala.be\/index.php\/a-propos\/#primaryimage\"},\"thumbnailUrl\":\"https:\/\/ornellamarsala.be\/wp-content\/uploads\/2026\/02\/b8483902-b209-46b4-a5fc-0c257069d0b1-169x300.jpg\",\"datePublished\":\"2026-02-02T14:40:22+00:00\",\"dateModified\":\"2026-03-03T12:02:13+00:00\",\"breadcrumb\":{\"@id\":\"https:\/\/ornellamarsala.be\/index.php\/a-propos\/#breadcrumb\"},\"inLanguage\":\"fr-FR\",\"potentialAction\":[{\"@type\":\"ReadAction\",\"target\":[\"https:\/\/ornellamarsala.be\/index.php\/a-propos\/\"]}]},{\"@type\":\"ImageObject\",\"inLanguage\":\"fr-FR\",\"@id\":\"https:\/\/ornellamarsala.be\/index.php\/a-propos\/#primaryimage\",\"url\":\"https:\/\/ornellamarsala.be\/wp-content\/uploads\/2026\/02\/b8483902-b209-46b4-a5fc-0c257069d0b1.jpg\",\"contentUrl\":\"https:\/\/ornellamarsala.be\/wp-content\/uploads\/2026\/02\/b8483902-b209-46b4-a5fc-0c257069d0b1.jpg\",\"width\":768,\"height\":1360,\"caption\":\"Signature: WL8NoE0\/bVZxG4WoXEpuNWb671qynkoDqEopX1jrB\/A48l9Yo3NlYitGjCRf46dIZT\/ZPGpzaxomsK7kr5zcqW01X7VPTpl2O2F+L1YtEq+5WiuHLiRzXEwk15jZiDcMaQRt0PJkeyCjOqAmfkgq5DH7yHz1chERaCBj8A6yFI7GFf6G9XZeo4bv7Qo42pfSgE1fpHVGIIxw4mHwulBwUUQ4ClUDXaO77luz099LGrWvqMlxcqHbjrGNNBzEQeZtpda3QGsieDinvXetFp8fVyqN9odrd2qfUfKWelKLUYgh4y7eV+2660cTO9lS4AjUvHBpp3s1aZ3Tl+Di4i3EzWRacwHQoMPfYUxEHoxXQ61aQyFy5m611sUixBb6XZOszzP2A\/T0egtU10g5Rv3kIBdXCsed+Ih8duL9C9YUKXo=\"},{\"@type\":\"BreadcrumbList\",\"@id\":\"https:\/\/ornellamarsala.be\/index.php\/a-propos\/#breadcrumb\",\"itemListElement\":[{\"@type\":\"ListItem\",\"position\":1,\"name\":\"Accueil\",\"item\":\"https:\/\/ornellamarsala.be\/\"},{\"@type\":\"ListItem\",\"position\":2,\"name\":\"A propos\"}]},{\"@type\":\"WebSite\",\"@id\":\"https:\/\/ornellamarsala.be\/#website\",\"url\":\"https:\/\/ornellamarsala.be\/\",\"name\":\"Ornella Marsala\",\"description\":\"Assistante administrative &amp; pr\u00e9-comptabilit\u00e9 \u2013 R\u00e9gion de Li\u00e8ge\",\"potentialAction\":[{\"@type\":\"SearchAction\",\"target\":{\"@type\":\"EntryPoint\",\"urlTemplate\":\"https:\/\/ornellamarsala.be\/?s={search_term_string}\"},\"query-input\":{\"@type\":\"PropertyValueSpecification\",\"valueRequired\":true,\"valueName\":\"search_term_string\"}}],\"inLanguage\":\"fr-FR\"}]}<\/script>\n<!-- \/ Yoast SEO plugin. -->","yoast_head_json":{"title":"A propos - Ornella Marsala","robots":{"index":"index","follow":"follow","max-snippet":"max-snippet:-1","max-image-preview":"max-image-preview:large","max-video-preview":"max-video-preview:-1"},"canonical":"https:\/\/ornellamarsala.be\/index.php\/a-propos\/","og_locale":"fr_FR","og_type":"article","og_title":"A propos - Ornella Marsala","og_description":"Ornella Marsala \u2013 Assistante administrative &amp; pr\u00e9-comptable rigoureuse et humaine Beaucoup d\u2019ind\u00e9pendants et de particuliers repoussent leur administratif par manque [&hellip;]","og_url":"https:\/\/ornellamarsala.be\/index.php\/a-propos\/","og_site_name":"Ornella Marsala","article_modified_time":"2026-03-03T12:02:13+00:00","og_image":[{"width":768,"height":1360,"url":"https:\/\/ornellamarsala.be\/wp-content\/uploads\/2026\/02\/b8483902-b209-46b4-a5fc-0c257069d0b1.jpg","type":"image\/jpeg"}],"twitter_card":"summary_large_image","twitter_misc":{"Dur\u00e9e de lecture estim\u00e9e":"1 minute"},"schema":{"@context":"https:\/\/schema.org","@graph":[{"@type":"WebPage","@id":"https:\/\/ornellamarsala.be\/index.php\/a-propos\/","url":"https:\/\/ornellamarsala.be\/index.php\/a-propos\/","name":"A propos - Ornella Marsala","isPartOf":{"@id":"https:\/\/ornellamarsala.be\/#website"},"primaryImageOfPage":{"@id":"https:\/\/ornellamarsala.be\/index.php\/a-propos\/#primaryimage"},"image":{"@id":"https:\/\/ornellamarsala.be\/index.php\/a-propos\/#primaryimage"},"thumbnailUrl":"https:\/\/ornellamarsala.be\/wp-content\/uploads\/2026\/02\/b8483902-b209-46b4-a5fc-0c257069d0b1-169x300.jpg","datePublished":"2026-02-02T14:40:22+00:00","dateModified":"2026-03-03T12:02:13+00:00","breadcrumb":{"@id":"https:\/\/ornellamarsala.be\/index.php\/a-propos\/#breadcrumb"},"inLanguage":"fr-FR","potentialAction":[{"@type":"ReadAction","target":["https:\/\/ornellamarsala.be\/index.php\/a-propos\/"]}]},{"@type":"ImageObject","inLanguage":"fr-FR","@id":"https:\/\/ornellamarsala.be\/index.php\/a-propos\/#primaryimage","url":"https:\/\/ornellamarsala.be\/wp-content\/uploads\/2026\/02\/b8483902-b209-46b4-a5fc-0c257069d0b1.jpg","contentUrl":"https:\/\/ornellamarsala.be\/wp-content\/uploads\/2026\/02\/b8483902-b209-46b4-a5fc-0c257069d0b1.jpg","width":768,"height":1360,"caption":"Signature: WL8NoE0\/bVZxG4WoXEpuNWb671qynkoDqEopX1jrB\/A48l9Yo3NlYitGjCRf46dIZT\/ZPGpzaxomsK7kr5zcqW01X7VPTpl2O2F+L1YtEq+5WiuHLiRzXEwk15jZiDcMaQRt0PJkeyCjOqAmfkgq5DH7yHz1chERaCBj8A6yFI7GFf6G9XZeo4bv7Qo42pfSgE1fpHVGIIxw4mHwulBwUUQ4ClUDXaO77luz099LGrWvqMlxcqHbjrGNNBzEQeZtpda3QGsieDinvXetFp8fVyqN9odrd2qfUfKWelKLUYgh4y7eV+2660cTO9lS4AjUvHBpp3s1aZ3Tl+Di4i3EzWRacwHQoMPfYUxEHoxXQ61aQyFy5m611sUixBb6XZOszzP2A\/T0egtU10g5Rv3kIBdXCsed+Ih8duL9C9YUKXo="},{"@type":"BreadcrumbList","@id":"https:\/\/ornellamarsala.be\/index.php\/a-propos\/#breadcrumb","itemListElement":[{"@type":"ListItem","position":1,"name":"Accueil","item":"https:\/\/ornellamarsala.be\/"},{"@type":"ListItem","position":2,"name":"A propos"}]},{"@type":"WebSite","@id":"https:\/\/ornellamarsala.be\/#website","url":"https:\/\/ornellamarsala.be\/","name":"Ornella Marsala","description":"Assistante administrative &amp; pr\u00e9-comptabilit\u00e9 \u2013 R\u00e9gion de Li\u00e8ge","potentialAction":[{"@type":"SearchAction","target":{"@type":"EntryPoint","urlTemplate":"https:\/\/ornellamarsala.be\/?s={search_term_string}"},"query-input":{"@type":"PropertyValueSpecification","valueRequired":true,"valueName":"search_term_string"}}],"inLanguage":"fr-FR"}]}},"_links":{"self":[{"href":"https:\/\/ornellamarsala.be\/index.php\/wp-json\/wp\/v2\/pages\/133","targetHints":{"allow":["GET"]}}],"collection":[{"href":"https:\/\/ornellamarsala.be\/index.php\/wp-json\/wp\/v2\/pages"}],"about":[{"href":"https:\/\/ornellamarsala.be\/index.php\/wp-json\/wp\/v2\/types\/page"}],"author":[{"embeddable":true,"href":"https:\/\/ornellamarsala.be\/index.php\/wp-json\/wp\/v2\/users\/1"}],"replies":[{"embeddable":true,"href":"https:\/\/ornellamarsala.be\/index.php\/wp-json\/wp\/v2\/comments?post=133"}],"version-history":[{"count":13,"href":"https:\/\/ornellamarsala.be\/index.php\/wp-json\/wp\/v2\/pages\/133\/revisions"}],"predecessor-version":[{"id":625,"href":"https:\/\/ornellamarsala.be\/index.php\/wp-json\/wp\/v2\/pages\/133\/revisions\/625"}],"wp:attachment":[{"href":"https:\/\/ornellamarsala.be\/index.php\/wp-json\/wp\/v2\/media?parent=133"}],"curies":[{"name":"wp","href":"https:\/\/api.w.org\/{rel}","templated":true}]}}