{"id":566,"date":"2026-02-05T13:22:37","date_gmt":"2026-02-05T13:22:37","guid":{"rendered":"https:\/\/ornellamarsala.be\/?page_id=566"},"modified":"2026-02-05T13:26:28","modified_gmt":"2026-02-05T13:26:28","slug":"mentions-legales","status":"publish","type":"page","link":"https:\/\/ornellamarsala.be\/index.php\/mentions-legales\/","title":{"rendered":"Mentions l\u00e9gales"},"content":{"rendered":"\t\t<div data-elementor-type=\"wp-page\" data-elementor-id=\"566\" class=\"elementor elementor-566\" data-elementor-post-type=\"page\">\n\t\t\t\t<div class=\"elementor-element elementor-element-5d263d9 e-flex e-con-boxed e-con e-parent\" data-id=\"5d263d9\" data-element_type=\"container\" data-e-type=\"container\">\n\t\t\t\t\t<div class=\"e-con-inner\">\n\t\t\t\t<div class=\"elementor-element elementor-element-77fbb98 elementor-widget elementor-widget-heading\" data-id=\"77fbb98\" data-element_type=\"widget\" data-e-type=\"widget\" data-widget_type=\"heading.default\">\n\t\t\t\t\t<h2 class=\"elementor-heading-title elementor-size-default\">Mentions l\u00e9gales<\/h2>\t\t\t\t<\/div>\n\t\t\t\t<div class=\"elementor-element elementor-element-cc21c68 elementor-widget elementor-widget-text-editor\" data-id=\"cc21c68\" data-element_type=\"widget\" data-e-type=\"widget\" data-widget_type=\"text-editor.default\">\n\t\t\t\t\t\t\t\t\t<p>Ce site internet est \u00e9dit\u00e9 par :<\/p><p>Ornella Marsala<br \/>Rue du Pont 33 \u00e0 4140 Sprimont, Belgique<\/p><p>Num\u00e9ro d\u2019entreprise (BCE) : BE0563.419.154<br \/>Num\u00e9ro de TVA : r\u00e9gime de la franchise<br \/>Email : ornellamarsala@gmail.com<br \/>T\u00e9l\u00e9phone : +32 498 64 34 72<\/p><p>H\u00e9bergeur du site : OVH, 2 rue Kellermann, 59100 Roubaix, France<\/p><p>Le site est soumis au droit belge. Toute contestation rel\u00e8ve des tribunaux de Li\u00e8ge.<\/p><p>Propri\u00e9t\u00e9 intellectuelle : Tous les contenus (textes, images) sont prot\u00e9g\u00e9s par le droit d\u2019auteur. Reproduction interdite sans autorisation \u00e9crite.<\/p><p>Date de derni\u00e8re mise \u00e0 jour : F\u00e9vrier 2026<\/p><p>Pour toute question, contactez moi via le formulaire de contact.<\/p><p><a href=\"https:\/\/ornellamarsala.be\/index.php\/politique-de-cookies-ue\/\">&#8211;\u00a0<span style=\"font-style: inherit; font-weight: inherit; white-space-collapse: preserve;\">Voir la Politique de confidentialit\u00e9<\/span><\/a><\/p>\t\t\t\t\t\t\t\t<\/div>\n\t\t\t\t\t<\/div>\n\t\t\t\t<\/div>\n\t\t\t\t<\/div>\n\t\t","protected":false},"excerpt":{"rendered":"<p>Mentions l\u00e9gales Ce site internet est \u00e9dit\u00e9 par : Ornella MarsalaRue du Pont 33 \u00e0 4140 Sprimont, Belgique Num\u00e9ro d\u2019entreprise [&hellip;]<\/p>\n","protected":false},"author":1,"featured_media":0,"parent":0,"menu_order":0,"comment_status":"closed","ping_status":"closed","template":"","meta":{"site-sidebar-layout":"no-sidebar","site-content-layout":"","ast-site-content-layout":"full-width-container","site-content-style":"default","site-sidebar-style":"default","ast-global-header-display":"","ast-banner-title-visibility":"","ast-main-header-display":"","ast-hfb-above-header-display":"","ast-hfb-below-header-display":"","ast-hfb-mobile-header-display":"","site-post-title":"","ast-breadcrumbs-content":"","ast-featured-img":"disabled","footer-sml-layout":"","ast-disable-related-posts":"","theme-transparent-header-meta":"","adv-header-id-meta":"","stick-header-meta":"","header-above-stick-meta":"","header-main-stick-meta":"","header-below-stick-meta":"","astra-migrate-meta-layouts":"default","ast-page-background-enabled":"default","ast-page-background-meta":{"desktop":{"background-color":"var(--ast-global-color-5)","background-image":"","background-repeat":"repeat","background-position":"center center","background-size":"auto","background-attachment":"scroll","background-type":"","background-media":"","overlay-type":"","overlay-color":"","overlay-opacity":"","overlay-gradient":""},"tablet":{"background-color":"","background-image":"","background-repeat":"repeat","background-position":"center center","background-size":"auto","background-attachment":"scroll","background-type":"","background-media":"","overlay-type":"","overlay-color":"","overlay-opacity":"","overlay-gradient":""},"mobile":{"background-color":"","background-image":"","background-repeat":"repeat","background-position":"center center","background-size":"auto","background-attachment":"scroll","background-type":"","background-media":"","overlay-type":"","overlay-color":"","overlay-opacity":"","overlay-gradient":""}},"ast-content-background-meta":{"desktop":{"background-color":"var(--ast-global-color-4)","background-image":"","background-repeat":"repeat","background-position":"center center","background-size":"auto","background-attachment":"scroll","background-type":"","background-media":"","overlay-type":"","overlay-color":"","overlay-opacity":"","overlay-gradient":""},"tablet":{"background-color":"var(--ast-global-color-4)","background-image":"","background-repeat":"repeat","background-position":"center center","background-size":"auto","background-attachment":"scroll","background-type":"","background-media":"","overlay-type":"","overlay-color":"","overlay-opacity":"","overlay-gradient":""},"mobile":{"background-color":"var(--ast-global-color-4)","background-image":"","background-repeat":"repeat","background-position":"center center","background-size":"auto","background-attachment":"scroll","background-type":"","background-media":"","overlay-type":"","overlay-color":"","overlay-opacity":"","overlay-gradient":""}},"footnotes":""},"class_list":["post-566","page","type-page","status-publish","hentry"],"yoast_head":"<!-- This site is optimized with the Yoast SEO plugin v27.1 - https:\/\/yoast.com\/product\/yoast-seo-wordpress\/ -->\n<title>Mentions l\u00e9gales - Ornella Marsala<\/title>\n<meta name=\"robots\" content=\"index, follow, max-snippet:-1, max-image-preview:large, max-video-preview:-1\" \/>\n<link rel=\"canonical\" href=\"https:\/\/ornellamarsala.be\/index.php\/mentions-legales\/\" \/>\n<meta property=\"og:locale\" content=\"fr_FR\" \/>\n<meta property=\"og:type\" content=\"article\" \/>\n<meta property=\"og:title\" content=\"Mentions l\u00e9gales - Ornella Marsala\" \/>\n<meta property=\"og:description\" content=\"Mentions l\u00e9gales Ce site internet est \u00e9dit\u00e9 par : Ornella MarsalaRue du Pont 33 \u00e0 4140 Sprimont, Belgique Num\u00e9ro d\u2019entreprise [&hellip;]\" \/>\n<meta property=\"og:url\" content=\"https:\/\/ornellamarsala.be\/index.php\/mentions-legales\/\" \/>\n<meta property=\"og:site_name\" content=\"Ornella Marsala\" \/>\n<meta property=\"article:modified_time\" content=\"2026-02-05T13:26:28+00:00\" \/>\n<meta name=\"twitter:card\" content=\"summary_large_image\" \/>\n<meta name=\"twitter:label1\" content=\"Dur\u00e9e de lecture estim\u00e9e\" \/>\n\t<meta name=\"twitter:data1\" content=\"1 minute\" \/>\n<script type=\"application\/ld+json\" class=\"yoast-schema-graph\">{\"@context\":\"https:\/\/schema.org\",\"@graph\":[{\"@type\":\"WebPage\",\"@id\":\"https:\/\/ornellamarsala.be\/index.php\/mentions-legales\/\",\"url\":\"https:\/\/ornellamarsala.be\/index.php\/mentions-legales\/\",\"name\":\"Mentions l\u00e9gales - Ornella Marsala\",\"isPartOf\":{\"@id\":\"https:\/\/ornellamarsala.be\/#website\"},\"datePublished\":\"2026-02-05T13:22:37+00:00\",\"dateModified\":\"2026-02-05T13:26:28+00:00\",\"breadcrumb\":{\"@id\":\"https:\/\/ornellamarsala.be\/index.php\/mentions-legales\/#breadcrumb\"},\"inLanguage\":\"fr-FR\",\"potentialAction\":[{\"@type\":\"ReadAction\",\"target\":[\"https:\/\/ornellamarsala.be\/index.php\/mentions-legales\/\"]}]},{\"@type\":\"BreadcrumbList\",\"@id\":\"https:\/\/ornellamarsala.be\/index.php\/mentions-legales\/#breadcrumb\",\"itemListElement\":[{\"@type\":\"ListItem\",\"position\":1,\"name\":\"Accueil\",\"item\":\"https:\/\/ornellamarsala.be\/\"},{\"@type\":\"ListItem\",\"position\":2,\"name\":\"Mentions l\u00e9gales\"}]},{\"@type\":\"WebSite\",\"@id\":\"https:\/\/ornellamarsala.be\/#website\",\"url\":\"https:\/\/ornellamarsala.be\/\",\"name\":\"Ornella Marsala\",\"description\":\"Assistante administrative &amp; pr\u00e9-comptabilit\u00e9 \u2013 R\u00e9gion de Li\u00e8ge\",\"potentialAction\":[{\"@type\":\"SearchAction\",\"target\":{\"@type\":\"EntryPoint\",\"urlTemplate\":\"https:\/\/ornellamarsala.be\/?s={search_term_string}\"},\"query-input\":{\"@type\":\"PropertyValueSpecification\",\"valueRequired\":true,\"valueName\":\"search_term_string\"}}],\"inLanguage\":\"fr-FR\"}]}<\/script>\n<!-- \/ Yoast SEO plugin. -->","yoast_head_json":{"title":"Mentions l\u00e9gales - Ornella Marsala","robots":{"index":"index","follow":"follow","max-snippet":"max-snippet:-1","max-image-preview":"max-image-preview:large","max-video-preview":"max-video-preview:-1"},"canonical":"https:\/\/ornellamarsala.be\/index.php\/mentions-legales\/","og_locale":"fr_FR","og_type":"article","og_title":"Mentions l\u00e9gales - Ornella Marsala","og_description":"Mentions l\u00e9gales Ce site internet est \u00e9dit\u00e9 par : Ornella MarsalaRue du Pont 33 \u00e0 4140 Sprimont, Belgique Num\u00e9ro d\u2019entreprise [&hellip;]","og_url":"https:\/\/ornellamarsala.be\/index.php\/mentions-legales\/","og_site_name":"Ornella Marsala","article_modified_time":"2026-02-05T13:26:28+00:00","twitter_card":"summary_large_image","twitter_misc":{"Dur\u00e9e de lecture estim\u00e9e":"1 minute"},"schema":{"@context":"https:\/\/schema.org","@graph":[{"@type":"WebPage","@id":"https:\/\/ornellamarsala.be\/index.php\/mentions-legales\/","url":"https:\/\/ornellamarsala.be\/index.php\/mentions-legales\/","name":"Mentions l\u00e9gales - Ornella Marsala","isPartOf":{"@id":"https:\/\/ornellamarsala.be\/#website"},"datePublished":"2026-02-05T13:22:37+00:00","dateModified":"2026-02-05T13:26:28+00:00","breadcrumb":{"@id":"https:\/\/ornellamarsala.be\/index.php\/mentions-legales\/#breadcrumb"},"inLanguage":"fr-FR","potentialAction":[{"@type":"ReadAction","target":["https:\/\/ornellamarsala.be\/index.php\/mentions-legales\/"]}]},{"@type":"BreadcrumbList","@id":"https:\/\/ornellamarsala.be\/index.php\/mentions-legales\/#breadcrumb","itemListElement":[{"@type":"ListItem","position":1,"name":"Accueil","item":"https:\/\/ornellamarsala.be\/"},{"@type":"ListItem","position":2,"name":"Mentions l\u00e9gales"}]},{"@type":"WebSite","@id":"https:\/\/ornellamarsala.be\/#website","url":"https:\/\/ornellamarsala.be\/","name":"Ornella Marsala","description":"Assistante administrative &amp; pr\u00e9-comptabilit\u00e9 \u2013 R\u00e9gion de Li\u00e8ge","potentialAction":[{"@type":"SearchAction","target":{"@type":"EntryPoint","urlTemplate":"https:\/\/ornellamarsala.be\/?s={search_term_string}"},"query-input":{"@type":"PropertyValueSpecification","valueRequired":true,"valueName":"search_term_string"}}],"inLanguage":"fr-FR"}]}},"_links":{"self":[{"href":"https:\/\/ornellamarsala.be\/index.php\/wp-json\/wp\/v2\/pages\/566","targetHints":{"allow":["GET"]}}],"collection":[{"href":"https:\/\/ornellamarsala.be\/index.php\/wp-json\/wp\/v2\/pages"}],"about":[{"href":"https:\/\/ornellamarsala.be\/index.php\/wp-json\/wp\/v2\/types\/page"}],"author":[{"embeddable":true,"href":"https:\/\/ornellamarsala.be\/index.php\/wp-json\/wp\/v2\/users\/1"}],"replies":[{"embeddable":true,"href":"https:\/\/ornellamarsala.be\/index.php\/wp-json\/wp\/v2\/comments?post=566"}],"version-history":[{"count":7,"href":"https:\/\/ornellamarsala.be\/index.php\/wp-json\/wp\/v2\/pages\/566\/revisions"}],"predecessor-version":[{"id":573,"href":"https:\/\/ornellamarsala.be\/index.php\/wp-json\/wp\/v2\/pages\/566\/revisions\/573"}],"wp:attachment":[{"href":"https:\/\/ornellamarsala.be\/index.php\/wp-json\/wp\/v2\/media?parent=566"}],"curies":[{"name":"wp","href":"https:\/\/api.w.org\/{rel}","templated":true}]}}